{"id":5497,"date":"2022-03-29T07:58:28","date_gmt":"2022-03-29T11:58:28","guid":{"rendered":"https:\/\/historieta.cl\/?post_type=product&amp;p=5497"},"modified":"2022-03-29T07:58:28","modified_gmt":"2022-03-29T11:58:28","slug":"el-brujo-integral-tapa-blanda-2","status":"publish","type":"product","link":"https:\/\/huvuz.com\/historieta\/product\/el-brujo-integral-tapa-blanda-2\/","title":{"rendered":"El Brujo &#8211; Integral (Tapa Blanda)"},"content":{"rendered":"<p>Rom\u00e1n Far\u00edas cre\u00eda ser un estudiante mediocre m\u00e1s, hasta el d\u00eda en que es v\u00edctima de un secuestro frustrado por parte de la maligna orden de hechiceros chilotes conocida como La Mayor\u00eda. Sus salvadores, un invunche superinteligente conocido como Pezoa V\u00e9liz y una recursiva voladora llamada Amelia, le revelan que no solo es un joven sexista, egoc\u00e9ntrico y hedonista&#8230; es un joven sexista, egoc\u00e9ntrico y hedonista \u00a1destinado a traer la oscuridad de vuelta al mundo! Como ni sus nuevos amigos ni \u00e9l quieren eso (y es que, con todo oscuro, \u00bfc\u00f3mo rayos podr\u00e1 leer sus c\u00f3mics, ver sus pel\u00edculas cutre, o quejarse posteriormente en internet acerca de los c\u00f3mics que lee y las pel\u00edculas cutre que ve?), Rom\u00e1n decide ocupar sus poderes y habilidades m\u00edsticas para el \u00bfbien?, transform\u00e1ndose en El Brujo, no solo el primer superh\u00e9roe penquista del c\u00f3mic chileno, sino tambi\u00e9n el primer superh\u00e9roe penca del c\u00f3mic chileno.<\/p>\n<p>Celebrando el vig\u00e9simo quinto aniversario de la primera aparici\u00f3n de El Brujo\u2026 en el d\u00e9cimo sexto a\u00f1o, el superh\u00e9roe con poderes y habilidades propias de la brujer\u00eda chilota vuelve a ser medianamente relevante gracias a este tomo recopilatorio que contiene todo lo publicado sobre el personaje y mucho material in\u00e9dito, todo financiado por los dineros de Corfo. As\u00ed que si el libro no les gusta, ya saben a qui\u00e9n culpar.<\/p>\n<p>Tama\u00f1o: 23cm de alto x 15cm de ancho<br \/>\nLomo: 12 mm<br \/>\nPeso: 442 gr<\/p>\n","protected":false},"excerpt":{"rendered":"<p>Rom\u00e1n Far\u00edas cre\u00eda ser un estudiante mediocre m\u00e1s, hasta el d\u00eda en que es v\u00edctima de un secuestro frustrado por parte de la maligna orden de hechiceros chilotes conocida como&#8230;.<\/p>\n","protected":false},"featured_media":5355,"template":"","meta":[],"product_brand":[],"product_cat":[20],"product_tag":[],"class_list":{"0":"post-5497","1":"product","2":"type-product","3":"status-publish","4":"has-post-thumbnail","6":"product_cat-lanzamiento","8":"first","9":"instock","10":"shipping-taxable","11":"purchasable","12":"product-type-simple"},"_links":{"self":[{"href":"https:\/\/huvuz.com\/historieta\/wp-json\/wp\/v2\/product\/5497","targetHints":{"allow":["GET"]}}],"collection":[{"href":"https:\/\/huvuz.com\/historieta\/wp-json\/wp\/v2\/product"}],"about":[{"href":"https:\/\/huvuz.com\/historieta\/wp-json\/wp\/v2\/types\/product"}],"version-history":[{"count":0,"href":"https:\/\/huvuz.com\/historieta\/wp-json\/wp\/v2\/product\/5497\/revisions"}],"wp:featuredmedia":[{"embeddable":true,"href":"https:\/\/huvuz.com\/historieta\/wp-json\/wp\/v2\/media\/5355"}],"wp:attachment":[{"href":"https:\/\/huvuz.com\/historieta\/wp-json\/wp\/v2\/media?parent=5497"}],"wp:term":[{"taxonomy":"product_brand","embeddable":true,"href":"https:\/\/huvuz.com\/historieta\/wp-json\/wp\/v2\/product_brand?post=5497"},{"taxonomy":"product_cat","embeddable":true,"href":"https:\/\/huvuz.com\/historieta\/wp-json\/wp\/v2\/product_cat?post=5497"},{"taxonomy":"product_tag","embeddable":true,"href":"https:\/\/huvuz.com\/historieta\/wp-json\/wp\/v2\/product_tag?post=5497"}],"curies":[{"name":"wp","href":"https:\/\/api.w.org\/{rel}","templated":true}]}}