{"id":3542,"date":"2020-08-27T18:36:12","date_gmt":"2020-08-27T18:36:12","guid":{"rendered":"https:\/\/historieta.cl\/?post_type=product&amp;p=3542"},"modified":"2020-08-27T18:36:12","modified_gmt":"2020-08-27T18:36:12","slug":"pikinini-2","status":"publish","type":"product","link":"https:\/\/huvuz.com\/historieta\/product\/pikinini-2\/","title":{"rendered":"Pikinini"},"content":{"rendered":"<p>&nbsp;<\/p>\n<table>\n<tbody>\n<tr>\n<td><span style=\"font-weight: 400;\">Autor<\/span><\/td>\n<td><span style=\"font-weight: 400;\">Jos\u00e9 Miguel Varas; Raquel Echenique<\/span><\/td>\n<\/tr>\n<tr>\n<td><span style=\"font-weight: 400;\">Editorial<\/span><\/td>\n<td><span style=\"font-weight: 400;\">LOM<\/span><\/td>\n<\/tr>\n<tr>\n<td><span style=\"font-weight: 400;\">Colecci\u00f3n<\/span><\/td>\n<td><\/td>\n<\/tr>\n<tr>\n<td><span style=\"font-weight: 400;\">A\u00f1o<\/span><\/td>\n<td><span style=\"font-weight: 400;\">2017<\/span><\/td>\n<\/tr>\n<tr>\n<td><span style=\"font-weight: 400;\">Idioma<\/span><\/td>\n<td><span style=\"font-weight: 400;\">Castellano<\/span><\/td>\n<\/tr>\n<tr>\n<td><span style=\"font-weight: 400;\">N\u00ba de p\u00e1ginas<\/span><\/td>\n<td><span style=\"font-weight: 400;\">56<\/span><\/td>\n<\/tr>\n<tr>\n<td><span style=\"font-weight: 400;\">Encuadernaci\u00f3n<\/span><\/td>\n<td><span style=\"font-weight: 400;\">Tapa dura<\/span><\/td>\n<\/tr>\n<tr>\n<td><span style=\"font-weight: 400;\">ISBN<\/span><\/td>\n<td><span style=\"font-weight: 400;\">9789560010049<\/span><\/td>\n<\/tr>\n<\/tbody>\n<\/table>\n","protected":false},"excerpt":{"rendered":"<p><span style=\"font-weight: 400;\">Las tierras australes de Chile fueron a fines del siglo XIX el espacio ideal para instalarse y tener nuevas oportunidades para muchos aventureros; pero, tambi\u00e9n, para quienes hu\u00edan de la pobreza y el hambre. A este \u00faltimo grupo pertenece la joven francesa Clementina Fidret Bonard y su familia, quienes arriban a Punta Arenas, en 1894. Pero sus ilusiones chocan de inmediato al toparse con un villorrio desvalido, de calles fangosas y un fr\u00edo extremo, tambi\u00e9n con el encuentro de trabajos extremos para sobrevivir. Y no s\u00f3lo eso, pues fueron espectadores de una historia cruel y despiadada: la matanza del pueblo selk&#8217;nam. Cuando se lee esta conmovedora obra, inevitablemente, permanece en el lector el grito desagarrado de esas mujeres selk&#8217;nam, heridas, mancilladas, sangrando, que claman por sus hijos perdidos: \u00a1Pikinini! \u00a1Pikinini!<\/span><\/p>\n","protected":false},"featured_media":3543,"template":"","meta":[],"product_brand":[],"product_cat":[166],"product_tag":[],"class_list":{"0":"post-3542","1":"product","2":"type-product","3":"status-publish","4":"has-post-thumbnail","6":"product_cat-lom","8":"first","9":"instock","10":"shipping-taxable","11":"purchasable","12":"product-type-simple"},"_links":{"self":[{"href":"https:\/\/huvuz.com\/historieta\/wp-json\/wp\/v2\/product\/3542","targetHints":{"allow":["GET"]}}],"collection":[{"href":"https:\/\/huvuz.com\/historieta\/wp-json\/wp\/v2\/product"}],"about":[{"href":"https:\/\/huvuz.com\/historieta\/wp-json\/wp\/v2\/types\/product"}],"version-history":[{"count":0,"href":"https:\/\/huvuz.com\/historieta\/wp-json\/wp\/v2\/product\/3542\/revisions"}],"wp:featuredmedia":[{"embeddable":true,"href":"https:\/\/huvuz.com\/historieta\/wp-json\/wp\/v2\/media\/3543"}],"wp:attachment":[{"href":"https:\/\/huvuz.com\/historieta\/wp-json\/wp\/v2\/media?parent=3542"}],"wp:term":[{"taxonomy":"product_brand","embeddable":true,"href":"https:\/\/huvuz.com\/historieta\/wp-json\/wp\/v2\/product_brand?post=3542"},{"taxonomy":"product_cat","embeddable":true,"href":"https:\/\/huvuz.com\/historieta\/wp-json\/wp\/v2\/product_cat?post=3542"},{"taxonomy":"product_tag","embeddable":true,"href":"https:\/\/huvuz.com\/historieta\/wp-json\/wp\/v2\/product_tag?post=3542"}],"curies":[{"name":"wp","href":"https:\/\/api.w.org\/{rel}","templated":true}]}}