{"id":3536,"date":"2020-08-27T18:16:54","date_gmt":"2020-08-27T18:16:54","guid":{"rendered":"https:\/\/historieta.cl\/?post_type=product&#038;p=3536"},"modified":"2025-01-07T03:57:24","modified_gmt":"2025-01-07T03:57:24","slug":"la-semana-ilustrada","status":"publish","type":"product","link":"https:\/\/huvuz.com\/historieta\/product\/la-semana-ilustrada\/","title":{"rendered":"La semana ilustrada"},"content":{"rendered":"<p>&nbsp;<\/p>\n<table>\n<tbody>\n<tr>\n<td><span style=\"font-weight: 400;\">Autor<\/span><\/td>\n<td><span style=\"font-weight: 400;\">Ignacio Julio Montaner<\/span><\/td>\n<\/tr>\n<tr>\n<td><span style=\"font-weight: 400;\">Editorial<\/span><\/td>\n<td><span style=\"font-weight: 400;\">LOM<\/span><\/td>\n<\/tr>\n<tr>\n<td><span style=\"font-weight: 400;\">Colecci\u00f3n<\/span><\/td>\n<td><\/td>\n<\/tr>\n<tr>\n<td><span style=\"font-weight: 400;\">A\u00f1o<\/span><\/td>\n<td><span style=\"font-weight: 400;\">2016<\/span><\/td>\n<\/tr>\n<tr>\n<td><span style=\"font-weight: 400;\">Idioma<\/span><\/td>\n<td><span style=\"font-weight: 400;\">Castellano<\/span><\/td>\n<\/tr>\n<tr>\n<td><span style=\"font-weight: 400;\">N\u00ba de p\u00e1ginas<\/span><\/td>\n<td><span style=\"font-weight: 400;\">56<\/span><\/td>\n<\/tr>\n<tr>\n<td><span style=\"font-weight: 400;\">Encuadernaci\u00f3n<\/span><\/td>\n<td><span style=\"font-weight: 400;\">R\u00fastico<\/span><\/td>\n<\/tr>\n<tr>\n<td><span style=\"font-weight: 400;\">ISBN<\/span><\/td>\n<td><span style=\"font-weight: 400;\">9789560007803<\/span><\/td>\n<\/tr>\n<\/tbody>\n<\/table>\n","protected":false},"excerpt":{"rendered":"<p>&nbsp;<\/p>\n<table>\n<tbody>\n<tr>\n<td><span style=\"font-weight: 400;\">Este libro es una misteriosa par\u00e1bola gr\u00e1fica en tiempo circular que relata formas de sentir y anticipar la realidad a trav\u00e9s de su protagonista latinoamericano, un empleado menor asombrado por los desastres y las maravillas de su \u00e9poca. Y tambi\u00e9n es una protesta sobre el empobrecimiento digital del arte, reivindicando el oficio del dibujante y su trazo libre e imperfecto<\/span><\/td>\n<\/tr>\n<\/tbody>\n<\/table>\n","protected":false},"featured_media":16205,"template":"","meta":[],"product_brand":[],"product_cat":[166],"product_tag":[],"class_list":{"0":"post-3536","1":"product","2":"type-product","3":"status-publish","4":"has-post-thumbnail","6":"product_cat-lom","8":"first","9":"instock","10":"shipping-taxable","11":"purchasable","12":"product-type-simple"},"_links":{"self":[{"href":"https:\/\/huvuz.com\/historieta\/wp-json\/wp\/v2\/product\/3536","targetHints":{"allow":["GET"]}}],"collection":[{"href":"https:\/\/huvuz.com\/historieta\/wp-json\/wp\/v2\/product"}],"about":[{"href":"https:\/\/huvuz.com\/historieta\/wp-json\/wp\/v2\/types\/product"}],"version-history":[{"count":1,"href":"https:\/\/huvuz.com\/historieta\/wp-json\/wp\/v2\/product\/3536\/revisions"}],"predecessor-version":[{"id":16206,"href":"https:\/\/huvuz.com\/historieta\/wp-json\/wp\/v2\/product\/3536\/revisions\/16206"}],"wp:featuredmedia":[{"embeddable":true,"href":"https:\/\/huvuz.com\/historieta\/wp-json\/wp\/v2\/media\/16205"}],"wp:attachment":[{"href":"https:\/\/huvuz.com\/historieta\/wp-json\/wp\/v2\/media?parent=3536"}],"wp:term":[{"taxonomy":"product_brand","embeddable":true,"href":"https:\/\/huvuz.com\/historieta\/wp-json\/wp\/v2\/product_brand?post=3536"},{"taxonomy":"product_cat","embeddable":true,"href":"https:\/\/huvuz.com\/historieta\/wp-json\/wp\/v2\/product_cat?post=3536"},{"taxonomy":"product_tag","embeddable":true,"href":"https:\/\/huvuz.com\/historieta\/wp-json\/wp\/v2\/product_tag?post=3536"}],"curies":[{"name":"wp","href":"https:\/\/api.w.org\/{rel}","templated":true}]}}