{"id":3533,"date":"2020-08-27T18:01:40","date_gmt":"2020-08-27T18:01:40","guid":{"rendered":"https:\/\/historieta.cl\/?post_type=product&amp;p=3533"},"modified":"2020-08-27T18:01:40","modified_gmt":"2020-08-27T18:01:40","slug":"heredia-detective","status":"publish","type":"product","link":"https:\/\/huvuz.com\/historieta\/product\/heredia-detective\/","title":{"rendered":"Heredia detective"},"content":{"rendered":"<p>&nbsp;<\/p>\n<table>\n<tbody>\n<tr>\n<td><span style=\"font-weight: 400;\">Autor<\/span><\/td>\n<td><span style=\"font-weight: 400;\">Ram\u00f3n D\u00edaz Eterovic; Carlos Reyes; Gonzalo Mart\u00ednez; Cristi\u00e1n Petit-Paurent<\/span><\/td>\n<\/tr>\n<tr>\n<td><span style=\"font-weight: 400;\">Editorial<\/span><\/td>\n<td><span style=\"font-weight: 400;\">LOM<\/span><\/td>\n<\/tr>\n<tr>\n<td><span style=\"font-weight: 400;\">Colecci\u00f3n<\/span><\/td>\n<td><\/td>\n<\/tr>\n<tr>\n<td><span style=\"font-weight: 400;\">A\u00f1o<\/span><\/td>\n<td><span style=\"font-weight: 400;\">2011<\/span><\/td>\n<\/tr>\n<tr>\n<td><span style=\"font-weight: 400;\">Idioma<\/span><\/td>\n<td><span style=\"font-weight: 400;\">Castellano<\/span><\/td>\n<\/tr>\n<tr>\n<td><span style=\"font-weight: 400;\">N\u00ba de p\u00e1ginas<\/span><\/td>\n<td><span style=\"font-weight: 400;\">128<\/span><\/td>\n<\/tr>\n<tr>\n<td><span style=\"font-weight: 400;\">Encuadernaci\u00f3n<\/span><\/td>\n<td><span style=\"font-weight: 400;\">R\u00fastico<\/span><\/td>\n<\/tr>\n<tr>\n<td><span style=\"font-weight: 400;\">ISBN<\/span><\/td>\n<td><span style=\"font-weight: 400;\">9789560002914<\/span><\/td>\n<\/tr>\n<\/tbody>\n<\/table>\n","protected":false},"excerpt":{"rendered":"<p><span style=\"font-weight: 400;\">En 1987, Ram\u00f3n D\u00edaz Eterovic public\u00f3 La ciudad est\u00e1 triste y con ello daba partida de nacimiento a Heredia, un detective privado chileno cuyos casos a resolver est\u00e1n doblemente cruzados: tanto por la ciudad de Santiago y sus rincones como por el presente hist\u00f3rico de la dictadura militar. As\u00ed, en las ya 15 entregas de esta saga como en los cuentos que protagoniza, su enemigo siempre ser\u00e1 el mismo: el lugar en la sociedad donde se anidan asesinos y, por supuesto, los mecanismos omnipresentes del poder que los encubren. Pero desde aquella primera publicaci\u00f3n, D\u00edaz Eterovic ya conceb\u00eda a este personaje como un protagonista de historietas, y as\u00ed lo entendieron los que conformaron el equipo que desarroll\u00f3 este libro<\/span><\/p>\n","protected":false},"featured_media":3534,"template":"","meta":[],"product_brand":[],"product_cat":[166],"product_tag":[],"class_list":{"0":"post-3533","1":"product","2":"type-product","3":"status-publish","4":"has-post-thumbnail","6":"product_cat-lom","8":"first","9":"instock","10":"shipping-taxable","11":"purchasable","12":"product-type-simple"},"_links":{"self":[{"href":"https:\/\/huvuz.com\/historieta\/wp-json\/wp\/v2\/product\/3533","targetHints":{"allow":["GET"]}}],"collection":[{"href":"https:\/\/huvuz.com\/historieta\/wp-json\/wp\/v2\/product"}],"about":[{"href":"https:\/\/huvuz.com\/historieta\/wp-json\/wp\/v2\/types\/product"}],"version-history":[{"count":0,"href":"https:\/\/huvuz.com\/historieta\/wp-json\/wp\/v2\/product\/3533\/revisions"}],"wp:featuredmedia":[{"embeddable":true,"href":"https:\/\/huvuz.com\/historieta\/wp-json\/wp\/v2\/media\/3534"}],"wp:attachment":[{"href":"https:\/\/huvuz.com\/historieta\/wp-json\/wp\/v2\/media?parent=3533"}],"wp:term":[{"taxonomy":"product_brand","embeddable":true,"href":"https:\/\/huvuz.com\/historieta\/wp-json\/wp\/v2\/product_brand?post=3533"},{"taxonomy":"product_cat","embeddable":true,"href":"https:\/\/huvuz.com\/historieta\/wp-json\/wp\/v2\/product_cat?post=3533"},{"taxonomy":"product_tag","embeddable":true,"href":"https:\/\/huvuz.com\/historieta\/wp-json\/wp\/v2\/product_tag?post=3533"}],"curies":[{"name":"wp","href":"https:\/\/api.w.org\/{rel}","templated":true}]}}