{"id":3530,"date":"2020-08-27T17:57:41","date_gmt":"2020-08-27T17:57:41","guid":{"rendered":"https:\/\/historieta.cl\/?post_type=product&amp;p=3530"},"modified":"2020-08-27T17:57:41","modified_gmt":"2020-08-27T17:57:41","slug":"ella-entro-por-la-ventana-del-bano","status":"publish","type":"product","link":"https:\/\/huvuz.com\/historieta\/product\/ella-entro-por-la-ventana-del-bano\/","title":{"rendered":"Ella entr\u00f3 por la ventana del ba\u00f1o"},"content":{"rendered":"<p>&nbsp;<\/p>\n<table>\n<tbody>\n<tr>\n<td><span style=\"font-weight: 400;\">Formato<\/span><\/td>\n<td><span style=\"font-weight: 400;\">Libro f\u00edsico<\/span><\/td>\n<\/tr>\n<tr>\n<td><span style=\"font-weight: 400;\">Autor<\/span><\/td>\n<td><span style=\"font-weight: 400;\">Milan Boyarski; Sergio G\u00f3mez C\u00e1ceres; Pedro Lemebel; Ricardo Molina Gajardo<\/span><\/td>\n<\/tr>\n<tr>\n<td><span style=\"font-weight: 400;\">Editorial<\/span><\/td>\n<td><span style=\"font-weight: 400;\">LOM<\/span><\/td>\n<\/tr>\n<tr>\n<td><span style=\"font-weight: 400;\">Colecci\u00f3n<\/span><\/td>\n<td><\/td>\n<\/tr>\n<tr>\n<td><span style=\"font-weight: 400;\">A\u00f1o<\/span><\/td>\n<td><span style=\"font-weight: 400;\">2019<\/span><\/td>\n<\/tr>\n<tr>\n<td><span style=\"font-weight: 400;\">Idioma<\/span><\/td>\n<td><span style=\"font-weight: 400;\">Castellano<\/span><\/td>\n<\/tr>\n<tr>\n<td><span style=\"font-weight: 400;\">N\u00ba de p\u00e1ginas<\/span><\/td>\n<td><span style=\"font-weight: 400;\">104<\/span><\/td>\n<\/tr>\n<tr>\n<td><span style=\"font-weight: 400;\">Encuadernaci\u00f3n<\/span><\/td>\n<td><span style=\"font-weight: 400;\">R\u00fastico<\/span><\/td>\n<\/tr>\n<tr>\n<td><span style=\"font-weight: 400;\">ISBN<\/span><\/td>\n<td><span style=\"font-weight: 400;\">9789560012005<\/span><\/td>\n<\/tr>\n<\/tbody>\n<\/table>\n","protected":false},"excerpt":{"rendered":"<p><span style=\"font-weight: 400;\">Basado en un cuento de Pedro Lemebel, este relato gr\u00e1fico nos remonta a una poblaci\u00f3n santiaguina de los a\u00f1os ochenta. Son tiempos dif\u00edciles. Es 1983 en la periferia de Santiago. Tiempos dif\u00edciles para To\u00f1o: en el colegio lo han suspendido, su madre lo reta cada vez que puede y en las protestas contra la dictadura pone en riesgo su vida y la de los dem\u00e1s cabros de la pobla. El To\u00f1o, su protagonista, tras ser molestado por su grupo de amigos en la plaza de la poblaci\u00f3n, va al colegio a visitar a la Marcela. Le dicen que la perder\u00e1 si no va a buscarla. El l\u00edder del grupo es Melo, le insiste que vaya, que se hace tarde, y perder\u00e1 el lugar en el coraz\u00f3n de Marcela. To\u00f1o va m\u00e1s all\u00e1. Entra a la mala al colegio. Le lleva flores, la besa delante de sus compa\u00f1eras del Liceo de Ni\u00f1as. La espera a la salida, y luego la invita a un cerro cerca de la poblaci\u00f3n. Se besan y disfrutan del pasto h\u00famedo y se revuelcan.<\/span><\/p>\n","protected":false},"featured_media":3531,"template":"","meta":[],"product_brand":[],"product_cat":[166],"product_tag":[],"class_list":{"0":"post-3530","1":"product","2":"type-product","3":"status-publish","4":"has-post-thumbnail","6":"product_cat-lom","8":"first","9":"instock","10":"shipping-taxable","11":"purchasable","12":"product-type-simple"},"_links":{"self":[{"href":"https:\/\/huvuz.com\/historieta\/wp-json\/wp\/v2\/product\/3530","targetHints":{"allow":["GET"]}}],"collection":[{"href":"https:\/\/huvuz.com\/historieta\/wp-json\/wp\/v2\/product"}],"about":[{"href":"https:\/\/huvuz.com\/historieta\/wp-json\/wp\/v2\/types\/product"}],"version-history":[{"count":0,"href":"https:\/\/huvuz.com\/historieta\/wp-json\/wp\/v2\/product\/3530\/revisions"}],"wp:featuredmedia":[{"embeddable":true,"href":"https:\/\/huvuz.com\/historieta\/wp-json\/wp\/v2\/media\/3531"}],"wp:attachment":[{"href":"https:\/\/huvuz.com\/historieta\/wp-json\/wp\/v2\/media?parent=3530"}],"wp:term":[{"taxonomy":"product_brand","embeddable":true,"href":"https:\/\/huvuz.com\/historieta\/wp-json\/wp\/v2\/product_brand?post=3530"},{"taxonomy":"product_cat","embeddable":true,"href":"https:\/\/huvuz.com\/historieta\/wp-json\/wp\/v2\/product_cat?post=3530"},{"taxonomy":"product_tag","embeddable":true,"href":"https:\/\/huvuz.com\/historieta\/wp-json\/wp\/v2\/product_tag?post=3530"}],"curies":[{"name":"wp","href":"https:\/\/api.w.org\/{rel}","templated":true}]}}