{"id":3365,"date":"2020-08-22T21:53:53","date_gmt":"2020-08-22T21:53:53","guid":{"rendered":"https:\/\/historieta.cl\/?post_type=product&#038;p=3365"},"modified":"2025-01-07T03:59:03","modified_gmt":"2025-01-07T03:59:03","slug":"locke-key-2-juegos-mentales","status":"publish","type":"product","link":"https:\/\/huvuz.com\/historieta\/product\/locke-key-2-juegos-mentales\/","title":{"rendered":"LOCKE &#038; KEY 2: JUEGOS MENTALES"},"content":{"rendered":"<p>&nbsp;<\/p>\n<table>\n<tbody>\n<tr>\n<td><span style=\"font-weight: 400;\">Autor<\/span><\/td>\n<td><span style=\"font-weight: 400;\">JOE HILL &#8211; GABRIEL RODRIGUEZ<\/span><\/td>\n<\/tr>\n<tr>\n<td><span style=\"font-weight: 400;\">Editorial<\/span><\/td>\n<td><span style=\"font-weight: 400;\">Arcano IV<\/span><\/td>\n<\/tr>\n<tr>\n<td><span style=\"font-weight: 400;\">Colecci\u00f3n<\/span><\/td>\n<td><\/td>\n<\/tr>\n<tr>\n<td><span style=\"font-weight: 400;\">A\u00f1o<\/span><\/td>\n<td><span style=\"font-weight: 400;\">2012<\/span><\/td>\n<\/tr>\n<tr>\n<td><span style=\"font-weight: 400;\">Idioma<\/span><\/td>\n<td><span style=\"font-weight: 400;\">ESPA\u00d1OL<\/span><\/td>\n<\/tr>\n<tr>\n<td><span style=\"font-weight: 400;\">N\u00ba de p\u00e1ginas<\/span><\/td>\n<td><span style=\"font-weight: 400;\">160 COLOR<\/span><\/td>\n<\/tr>\n<tr>\n<td><span style=\"font-weight: 400;\">Encuadernaci\u00f3n<\/span><\/td>\n<td><span style=\"font-weight: 400;\">RUSTICA<\/span><\/td>\n<\/tr>\n<tr>\n<td><span style=\"font-weight: 400;\">ISBN<\/span><\/td>\n<td><span style=\"font-weight: 400;\">978-9-568-84908-5<\/span><\/td>\n<\/tr>\n<\/tbody>\n<\/table>\n","protected":false},"excerpt":{"rendered":"<p><span style=\"font-weight: 400;\">Los tres ni\u00f1os Locke -supervivientes de una horrible tragedia que les arrebat\u00f3 a su padre- apenas han comenzado a reconstruir sus vidas, cuando el peque\u00f1o Bode descubre una llave con un incre\u00edble poder: \u00bfQu\u00e9 pasar\u00eda si superar tus miedos, dominar cualquier habilidad, aprender cualquier arte, fuese tan simple como girar una llave? Podr\u00eda costarte la vida, especialmente si Dodge, la mal\u00e9vola criatura enemiga de la familia Locke pone sus manos en ella. Escrita por Joe Hill y con el arte alucinante de Gabriel Rodriguez, la segunda entrega de Locke &amp; Key es un viaje mental que no olvidar\u00e1s.<\/span><\/p>\n","protected":false},"featured_media":16207,"template":"","meta":[],"product_brand":[],"product_cat":[165],"product_tag":[],"class_list":{"0":"post-3365","1":"product","2":"type-product","3":"status-publish","4":"has-post-thumbnail","6":"product_cat-arcano-iv","8":"first","9":"instock","10":"shipping-taxable","11":"purchasable","12":"product-type-simple"},"_links":{"self":[{"href":"https:\/\/huvuz.com\/historieta\/wp-json\/wp\/v2\/product\/3365","targetHints":{"allow":["GET"]}}],"collection":[{"href":"https:\/\/huvuz.com\/historieta\/wp-json\/wp\/v2\/product"}],"about":[{"href":"https:\/\/huvuz.com\/historieta\/wp-json\/wp\/v2\/types\/product"}],"version-history":[{"count":1,"href":"https:\/\/huvuz.com\/historieta\/wp-json\/wp\/v2\/product\/3365\/revisions"}],"predecessor-version":[{"id":16208,"href":"https:\/\/huvuz.com\/historieta\/wp-json\/wp\/v2\/product\/3365\/revisions\/16208"}],"wp:featuredmedia":[{"embeddable":true,"href":"https:\/\/huvuz.com\/historieta\/wp-json\/wp\/v2\/media\/16207"}],"wp:attachment":[{"href":"https:\/\/huvuz.com\/historieta\/wp-json\/wp\/v2\/media?parent=3365"}],"wp:term":[{"taxonomy":"product_brand","embeddable":true,"href":"https:\/\/huvuz.com\/historieta\/wp-json\/wp\/v2\/product_brand?post=3365"},{"taxonomy":"product_cat","embeddable":true,"href":"https:\/\/huvuz.com\/historieta\/wp-json\/wp\/v2\/product_cat?post=3365"},{"taxonomy":"product_tag","embeddable":true,"href":"https:\/\/huvuz.com\/historieta\/wp-json\/wp\/v2\/product_tag?post=3365"}],"curies":[{"name":"wp","href":"https:\/\/api.w.org\/{rel}","templated":true}]}}