{"id":3359,"date":"2020-08-22T21:58:30","date_gmt":"2020-08-22T21:58:30","guid":{"rendered":"https:\/\/historieta.cl\/?post_type=product&amp;p=3359"},"modified":"2020-08-22T21:58:30","modified_gmt":"2020-08-22T21:58:30","slug":"freak-show","status":"publish","type":"product","link":"https:\/\/huvuz.com\/historieta\/product\/freak-show\/","title":{"rendered":"FREAK SHOW"},"content":{"rendered":"<p>&nbsp;<\/p>\n<table>\n<tbody>\n<tr>\n<td><span style=\"font-weight: 400;\">Autor<\/span><\/td>\n<td><span style=\"font-weight: 400;\">\u00c1lvaro Matus<\/span><\/td>\n<\/tr>\n<tr>\n<td><span style=\"font-weight: 400;\">Editorial<\/span><\/td>\n<td><span style=\"font-weight: 400;\">Arcano IV<\/span><\/td>\n<\/tr>\n<tr>\n<td><span style=\"font-weight: 400;\">Colecci\u00f3n<\/span><\/td>\n<td><span style=\"font-weight: 400;\">&#8211;<\/span><\/td>\n<\/tr>\n<tr>\n<td><span style=\"font-weight: 400;\">A\u00f1o<\/span><\/td>\n<td><span style=\"font-weight: 400;\">2020<\/span><\/td>\n<\/tr>\n<tr>\n<td><span style=\"font-weight: 400;\">Idioma<\/span><\/td>\n<td><span style=\"font-weight: 400;\">ESPA\u00d1OL<\/span><\/td>\n<\/tr>\n<tr>\n<td><span style=\"font-weight: 400;\">N\u00ba de p\u00e1ginas<\/span><\/td>\n<td><span style=\"font-weight: 400;\">152 COLOR<\/span><\/td>\n<\/tr>\n<tr>\n<td><span style=\"font-weight: 400;\">Encuadernaci\u00f3n<\/span><\/td>\n<td><span style=\"font-weight: 400;\">R\u00daSTICA<\/span><\/td>\n<\/tr>\n<tr>\n<td><span style=\"font-weight: 400;\">ISBN<\/span><\/td>\n<td><span style=\"font-weight: 400;\">9789568849344<\/span><\/td>\n<\/tr>\n<\/tbody>\n<\/table>\n","protected":false},"excerpt":{"rendered":"<p><span style=\"font-weight: 400;\">Freak show relata cinco historias emblem\u00e1ticas del \u201ccirco de fen\u00f3menos\u201ddurante su auge, que fue entre fines del siglo XIX a mediados del siglo XX, aproximadamente.<\/span><\/p>\n<p><span style=\"font-weight: 400;\">A trav\u00e9s de estos relatos se expone el dilema moral y \u00e9tico que implica la<\/span><\/p>\n<p><span style=\"font-weight: 400;\">exposici\u00f3n de personas con deformidades en espect\u00e1culos de este tipo. Queremos llevar a la reflexi\u00f3n al lector, acerca del contexto social e hist\u00f3rico de los circos de fen\u00f3menos en occidente, en d\u00f3nde los protagonistas se vinculan hacia la fealdad, lo diferente o lo grotesco, y no las habilidades o capacidades virtuosas, como en un circo com\u00fan y corriente, si no que se dirige la mirada hacia lo defectuoso, como sin\u00f3nimo de monstruoso. Es por eso, que parte del objetivo de este libro es lograr desmitificar los \u201cFreak show\u201d, a trav\u00e9s de sus historias.<\/span><\/p>\n<p><span style=\"font-weight: 400;\">Este libro se compone de 5 historias basadas en hechos reales, cada una de 26 p\u00e1ginas a color, en formato de c\u00f3mic.<\/span><\/p>\n","protected":false},"featured_media":3363,"template":"","meta":[],"product_brand":[],"product_cat":[165],"product_tag":[],"class_list":{"0":"post-3359","1":"product","2":"type-product","3":"status-publish","4":"has-post-thumbnail","6":"product_cat-arcano-iv","8":"first","9":"instock","10":"shipping-taxable","11":"purchasable","12":"product-type-simple"},"_links":{"self":[{"href":"https:\/\/huvuz.com\/historieta\/wp-json\/wp\/v2\/product\/3359","targetHints":{"allow":["GET"]}}],"collection":[{"href":"https:\/\/huvuz.com\/historieta\/wp-json\/wp\/v2\/product"}],"about":[{"href":"https:\/\/huvuz.com\/historieta\/wp-json\/wp\/v2\/types\/product"}],"version-history":[{"count":0,"href":"https:\/\/huvuz.com\/historieta\/wp-json\/wp\/v2\/product\/3359\/revisions"}],"wp:featuredmedia":[{"embeddable":true,"href":"https:\/\/huvuz.com\/historieta\/wp-json\/wp\/v2\/media\/3363"}],"wp:attachment":[{"href":"https:\/\/huvuz.com\/historieta\/wp-json\/wp\/v2\/media?parent=3359"}],"wp:term":[{"taxonomy":"product_brand","embeddable":true,"href":"https:\/\/huvuz.com\/historieta\/wp-json\/wp\/v2\/product_brand?post=3359"},{"taxonomy":"product_cat","embeddable":true,"href":"https:\/\/huvuz.com\/historieta\/wp-json\/wp\/v2\/product_cat?post=3359"},{"taxonomy":"product_tag","embeddable":true,"href":"https:\/\/huvuz.com\/historieta\/wp-json\/wp\/v2\/product_tag?post=3359"}],"curies":[{"name":"wp","href":"https:\/\/api.w.org\/{rel}","templated":true}]}}