{"id":3331,"date":"2020-08-22T21:18:48","date_gmt":"2020-08-22T21:18:48","guid":{"rendered":"https:\/\/historieta.cl\/?post_type=product&amp;p=3331"},"modified":"2020-08-22T21:18:48","modified_gmt":"2020-08-22T21:18:48","slug":"santiago-desierto","status":"publish","type":"product","link":"https:\/\/huvuz.com\/historieta\/product\/santiago-desierto\/","title":{"rendered":"SANTIAGO DESIERTO"},"content":{"rendered":"<p>&nbsp;<\/p>\n<p>&nbsp;<\/p>\n<table>\n<tbody>\n<tr>\n<td><span style=\"font-weight: 400;\">Autor<\/span><\/td>\n<td><span style=\"font-weight: 400;\">Roc\u00edo Mendoza y Fabi\u00e1n Todorovic<\/span><\/td>\n<\/tr>\n<tr>\n<td><span style=\"font-weight: 400;\">Editorial<\/span><\/td>\n<td><span style=\"font-weight: 400;\">Arcano IV<\/span><\/td>\n<\/tr>\n<tr>\n<td><span style=\"font-weight: 400;\">Colecci\u00f3n<\/span><\/td>\n<td><\/td>\n<\/tr>\n<tr>\n<td><span style=\"font-weight: 400;\">A\u00f1o<\/span><\/td>\n<td><span style=\"font-weight: 400;\">2018<\/span><\/td>\n<\/tr>\n<tr>\n<td><span style=\"font-weight: 400;\">Idioma<\/span><\/td>\n<td><span style=\"font-weight: 400;\">ESPA\u00d1OL<\/span><\/td>\n<\/tr>\n<tr>\n<td><span style=\"font-weight: 400;\">N\u00ba de p\u00e1ginas<\/span><\/td>\n<td><span style=\"font-weight: 400;\">80 COLOR<\/span><\/td>\n<\/tr>\n<tr>\n<td><span style=\"font-weight: 400;\">Encuadernaci\u00f3n<\/span><\/td>\n<td><span style=\"font-weight: 400;\">R\u00daSTICA<\/span><\/td>\n<\/tr>\n<tr>\n<td><span style=\"font-weight: 400;\">ISBN<\/span><\/td>\n<td><span style=\"font-weight: 400;\">9789568849306<\/span><\/td>\n<\/tr>\n<\/tbody>\n<\/table>\n","protected":false},"excerpt":{"rendered":"<p><span style=\"font-weight: 400;\">El viaje de Don Severino Huerta es nuestra mirada a la ciudad de Santiago. Ciudad que queremos, que odiamos, que nos traga, digiere y escupe d\u00eda a d\u00eda. No es casualidad que el personaje que encarna nuestra alma citadina se llame \u201cSantiago\u201d, esa alma en pena es el mendigo que siempre est\u00e1, en cada lugar por el que pasamos a diario, un poeta que absorbe toda la borra de pensamientos que nacen y mueren en nuestras esquinas. Al final, poes\u00eda m\u00e1s o menos, todo el divagar est\u00e1 en nosotros y nosotros somos la piel en la ciudad. Cada d\u00eda que decidimos levantarnos, salir de la cama y cruzar nuestra puerta de calle, nos metemos en un viaje. Todo ocurre, aunque parezca una rutina, en desplazamiento. Por eso todo d\u00eda es un viaje. No hay una historia que deje todo atado, nuestros recuerdos de peleas siempre son en retazos y nunca hay una sola versi\u00f3n de los acontecimientos. Eso quer\u00edamos plasmar al contar la historia de nuestro viejo norte\u00f1o. Los pedazos de su vida, vida inconclusa que trata de armar en este momento de su vida, sin br\u00fajula que lo gu\u00ede por nuestra capital. Este es su viaje, si\u00e9ntanse c\u00f3modos de disfrutarlo.<\/span><\/p>\n","protected":false},"featured_media":3339,"template":"","meta":[],"product_brand":[],"product_cat":[165],"product_tag":[],"class_list":{"0":"post-3331","1":"product","2":"type-product","3":"status-publish","4":"has-post-thumbnail","6":"product_cat-arcano-iv","8":"first","9":"instock","10":"shipping-taxable","11":"purchasable","12":"product-type-simple"},"_links":{"self":[{"href":"https:\/\/huvuz.com\/historieta\/wp-json\/wp\/v2\/product\/3331","targetHints":{"allow":["GET"]}}],"collection":[{"href":"https:\/\/huvuz.com\/historieta\/wp-json\/wp\/v2\/product"}],"about":[{"href":"https:\/\/huvuz.com\/historieta\/wp-json\/wp\/v2\/types\/product"}],"version-history":[{"count":0,"href":"https:\/\/huvuz.com\/historieta\/wp-json\/wp\/v2\/product\/3331\/revisions"}],"wp:featuredmedia":[{"embeddable":true,"href":"https:\/\/huvuz.com\/historieta\/wp-json\/wp\/v2\/media\/3339"}],"wp:attachment":[{"href":"https:\/\/huvuz.com\/historieta\/wp-json\/wp\/v2\/media?parent=3331"}],"wp:term":[{"taxonomy":"product_brand","embeddable":true,"href":"https:\/\/huvuz.com\/historieta\/wp-json\/wp\/v2\/product_brand?post=3331"},{"taxonomy":"product_cat","embeddable":true,"href":"https:\/\/huvuz.com\/historieta\/wp-json\/wp\/v2\/product_cat?post=3331"},{"taxonomy":"product_tag","embeddable":true,"href":"https:\/\/huvuz.com\/historieta\/wp-json\/wp\/v2\/product_tag?post=3331"}],"curies":[{"name":"wp","href":"https:\/\/api.w.org\/{rel}","templated":true}]}}