{"id":3319,"date":"2020-08-22T21:00:15","date_gmt":"2020-08-22T21:00:15","guid":{"rendered":"https:\/\/historieta.cl\/?post_type=product&amp;p=3319"},"modified":"2020-08-22T21:00:15","modified_gmt":"2020-08-22T21:00:15","slug":"phoibos-pack-3-libros-saga-completa","status":"publish","type":"product","link":"https:\/\/huvuz.com\/historieta\/product\/phoibos-pack-3-libros-saga-completa\/","title":{"rendered":"PHOIBOS (Pack 3 libros saga completa)"},"content":{"rendered":"<p>&nbsp;<\/p>\n<table>\n<tbody>\n<tr>\n<td style=\"text-align: left;\"><span style=\"font-weight: 400;\">Autor<\/span><\/td>\n<td style=\"text-align: left;\"><span style=\"font-weight: 400;\">Diego Fr\u00edas<\/span><\/td>\n<\/tr>\n<tr>\n<td style=\"text-align: left;\"><span style=\"font-weight: 400;\">Editorial<\/span><\/td>\n<td style=\"text-align: left;\"><span style=\"font-weight: 400;\">DF<\/span><\/td>\n<\/tr>\n<tr>\n<td style=\"text-align: left;\"><span style=\"font-weight: 400;\">Colecci\u00f3n<\/span><\/td>\n<td style=\"text-align: left;\"><span style=\"font-weight: 400;\">PHOIBOS<\/span><\/td>\n<\/tr>\n<tr>\n<td style=\"text-align: left;\"><span style=\"font-weight: 400;\">A\u00f1o<\/span><\/td>\n<td style=\"text-align: left;\"><span style=\"font-weight: 400;\">2018\/2019<\/span><\/td>\n<\/tr>\n<tr>\n<td style=\"text-align: left;\"><span style=\"font-weight: 400;\">Idioma<\/span><\/td>\n<td style=\"text-align: left;\"><span style=\"font-weight: 400;\">Espa\u00f1ol<\/span><\/td>\n<\/tr>\n<tr>\n<td style=\"text-align: left;\"><span style=\"font-weight: 400;\">N\u00ba de p\u00e1ginas<\/span><\/td>\n<td style=\"text-align: left;\"><span style=\"font-weight: 400;\">100<\/span><\/td>\n<\/tr>\n<tr>\n<td style=\"text-align: left;\"><span style=\"font-weight: 400;\">Encuadernaci\u00f3n<\/span><\/td>\n<td>\n<p style=\"text-align: left;\"><span style=\"font-weight: 400;\">Grapa<\/span><\/p>\n<\/td>\n<\/tr>\n<\/tbody>\n<\/table>\n","protected":false},"excerpt":{"rendered":"<p><span style=\"font-weight: 400;\">Es el a\u00f1o 2518<\/span><span style=\"font-weight: 400;\">, tras despertar de un coma temporal, el astronauta y cient\u00edfico, Dr. Duncan, se encuentra a la deriva en el espacio.<\/span><span style=\"font-weight: 400;\"><br \/>\n<\/span><span style=\"font-weight: 400;\">Su nave-laboratorio ha sido destruida, perdiendo toda posibilidad de comunicaci\u00f3n con otras naves o bases cercanas. Sin tener m\u00e1s opci\u00f3n, se lanza en una aventura vali\u00e9ndose de su ingenio e instinto para salvar su vida, resolviendo los problemas y desaf\u00edos que se le presentan.<\/span><span style=\"font-weight: 400;\"><br \/>\n<\/span><span style=\"font-weight: 400;\">Acompa\u00f1a a Duncan en su aventura, un thriller cargado de misterio, horror, fantas\u00eda y ciencia ficci\u00f3n, que cambiar\u00e1 su vida para siempre. S\u00e9 testigo de su transformaci\u00f3n de un cient\u00edfico te\u00f3rico a un h\u00e9roe audaz.<\/span><\/p>\n","protected":false},"featured_media":3322,"template":"","meta":[],"product_brand":[],"product_cat":[164],"product_tag":[],"class_list":{"0":"post-3319","1":"product","2":"type-product","3":"status-publish","4":"has-post-thumbnail","6":"product_cat-phoibos","8":"first","9":"instock","10":"shipping-taxable","11":"purchasable","12":"product-type-simple"},"_links":{"self":[{"href":"https:\/\/huvuz.com\/historieta\/wp-json\/wp\/v2\/product\/3319","targetHints":{"allow":["GET"]}}],"collection":[{"href":"https:\/\/huvuz.com\/historieta\/wp-json\/wp\/v2\/product"}],"about":[{"href":"https:\/\/huvuz.com\/historieta\/wp-json\/wp\/v2\/types\/product"}],"version-history":[{"count":0,"href":"https:\/\/huvuz.com\/historieta\/wp-json\/wp\/v2\/product\/3319\/revisions"}],"wp:featuredmedia":[{"embeddable":true,"href":"https:\/\/huvuz.com\/historieta\/wp-json\/wp\/v2\/media\/3322"}],"wp:attachment":[{"href":"https:\/\/huvuz.com\/historieta\/wp-json\/wp\/v2\/media?parent=3319"}],"wp:term":[{"taxonomy":"product_brand","embeddable":true,"href":"https:\/\/huvuz.com\/historieta\/wp-json\/wp\/v2\/product_brand?post=3319"},{"taxonomy":"product_cat","embeddable":true,"href":"https:\/\/huvuz.com\/historieta\/wp-json\/wp\/v2\/product_cat?post=3319"},{"taxonomy":"product_tag","embeddable":true,"href":"https:\/\/huvuz.com\/historieta\/wp-json\/wp\/v2\/product_tag?post=3319"}],"curies":[{"name":"wp","href":"https:\/\/api.w.org\/{rel}","templated":true}]}}