{"id":16219,"date":"2025-01-07T04:11:05","date_gmt":"2025-01-07T04:11:05","guid":{"rendered":"https:\/\/huvuz.com\/historieta\/?post_type=product&#038;p=16219"},"modified":"2025-01-07T04:11:05","modified_gmt":"2025-01-07T04:11:05","slug":"tres-cuentos-de-la-selva","status":"publish","type":"product","link":"https:\/\/huvuz.com\/historieta\/product\/tres-cuentos-de-la-selva\/","title":{"rendered":"Tres cuentos de la selva"},"content":{"rendered":"<p>&nbsp;<\/p>\n<table>\n<tbody>\n<tr>\n<td><span style=\"font-weight: 400;\">Autor<\/span><\/td>\n<td><span style=\"font-weight: 400;\">Horacio Quiroga; Renzo Vayra<\/span><\/td>\n<\/tr>\n<tr>\n<td><span style=\"font-weight: 400;\">Editorial<\/span><\/td>\n<td><span style=\"font-weight: 400;\">LOM<\/span><\/td>\n<\/tr>\n<tr>\n<td><span style=\"font-weight: 400;\">Colecci\u00f3n<\/span><\/td>\n<td><\/td>\n<\/tr>\n<tr>\n<td><span style=\"font-weight: 400;\">A\u00f1o<\/span><\/td>\n<td><span style=\"font-weight: 400;\">2011<\/span><\/td>\n<\/tr>\n<tr>\n<td><span style=\"font-weight: 400;\">Idioma<\/span><\/td>\n<td><span style=\"font-weight: 400;\">Castellano<\/span><\/td>\n<\/tr>\n<tr>\n<td><span style=\"font-weight: 400;\">N\u00ba de p\u00e1ginas<\/span><\/td>\n<td><span style=\"font-weight: 400;\">98<\/span><\/td>\n<\/tr>\n<tr>\n<td><span style=\"font-weight: 400;\">Encuadernaci\u00f3n<\/span><\/td>\n<td><span style=\"font-weight: 400;\">R\u00fastico<\/span><\/td>\n<\/tr>\n<tr>\n<td><span style=\"font-weight: 400;\">ISBN<\/span><\/td>\n<td><span style=\"font-weight: 400;\">9789560002860<\/span><\/td>\n<\/tr>\n<\/tbody>\n<\/table>\n","protected":false},"excerpt":{"rendered":"<p><span style=\"font-weight: 400;\">El paso del Yabebir\u00ed, Anaconda y El regreso de Anaconda son tres relatos de Horacio Quiroga ambientados en la selva de Misiones, regi\u00f3n que el escritor uruguayo conoc\u00eda a fondo porque vivi\u00f3 all\u00ed entre 1910 y 1916. Protagonizados por animales salvajes \u2013boas, serpientes, yaguaret\u00e9s, rayas, tucanes, dorados\u2013, documentan la lucha por sobrevivir en una naturaleza que Quiroga sinti\u00f3 aut\u00e9ntica y digna de preservarse. Con el mismo respeto por la realidad selv\u00e1tica que estas historias revelan, Renzo Vayra acometi\u00f3 la tarea de convertirlas en historietas, manteniendo no solo una estricta fidelidad a los textos originales, sino realizando sus notables ilustraciones luego de una profunda documentaci\u00f3n sobre la flora y la fauna misioneras<\/span><\/p>\n","protected":false},"featured_media":16220,"template":"","meta":[],"product_brand":[],"product_cat":[166],"product_tag":[],"class_list":{"0":"post-16219","1":"product","2":"type-product","3":"status-publish","4":"has-post-thumbnail","6":"product_cat-lom","8":"first","9":"instock","10":"shipping-taxable","11":"purchasable","12":"product-type-simple"},"_links":{"self":[{"href":"https:\/\/huvuz.com\/historieta\/wp-json\/wp\/v2\/product\/16219","targetHints":{"allow":["GET"]}}],"collection":[{"href":"https:\/\/huvuz.com\/historieta\/wp-json\/wp\/v2\/product"}],"about":[{"href":"https:\/\/huvuz.com\/historieta\/wp-json\/wp\/v2\/types\/product"}],"version-history":[{"count":1,"href":"https:\/\/huvuz.com\/historieta\/wp-json\/wp\/v2\/product\/16219\/revisions"}],"predecessor-version":[{"id":16221,"href":"https:\/\/huvuz.com\/historieta\/wp-json\/wp\/v2\/product\/16219\/revisions\/16221"}],"wp:featuredmedia":[{"embeddable":true,"href":"https:\/\/huvuz.com\/historieta\/wp-json\/wp\/v2\/media\/16220"}],"wp:attachment":[{"href":"https:\/\/huvuz.com\/historieta\/wp-json\/wp\/v2\/media?parent=16219"}],"wp:term":[{"taxonomy":"product_brand","embeddable":true,"href":"https:\/\/huvuz.com\/historieta\/wp-json\/wp\/v2\/product_brand?post=16219"},{"taxonomy":"product_cat","embeddable":true,"href":"https:\/\/huvuz.com\/historieta\/wp-json\/wp\/v2\/product_cat?post=16219"},{"taxonomy":"product_tag","embeddable":true,"href":"https:\/\/huvuz.com\/historieta\/wp-json\/wp\/v2\/product_tag?post=16219"}],"curies":[{"name":"wp","href":"https:\/\/api.w.org\/{rel}","templated":true}]}}