{"id":411,"date":"2002-05-27T12:19:36","date_gmt":"2002-05-27T12:19:36","guid":{"rendered":"http:\/\/dummy.xtemos.com\/woodmart2\/elementor\/?post_type=product&#038;p=411"},"modified":"2025-02-12T17:30:01","modified_gmt":"2025-02-12T17:30:01","slug":"juan-buscamares","status":"publish","type":"product","link":"https:\/\/huvuz.com\/cngc\/obra\/juan-buscamares\/","title":{"rendered":"Juan Buscamares"},"content":{"rendered":"<div class=\"Y0Qrof\">\n<p>Los oc\u00e9anos est\u00e1n secos. En un mundo asolado por tempestades, soldados, bandidos y fan\u00e1ticos religiosos, Juan recorre el antiguo fondo del mar en su cami\u00f3n, buscando agua e intentando descifrar su propia historia. Acompa\u00f1ado de Aleluya, una enigm\u00e1tica mujer que comercia con su cuerpo a cambio de agua, el \u00abBuscamares\u00bb iniciar\u00e1 este viaje con tintes m\u00edsticos y on\u00edricos que lo llevar\u00e1 a entender su extra\u00f1o poder para modificar el clima, produciendo tormentas y diluvios de proporciones b\u00edblicas: un poder oculto que se remonta a los tiempos de los incas. Publicado por primera vez en cuatro vol\u00famenes entre 1996 y 2003, este cl\u00e1sico del c\u00f3mic chileno editado en Francia, Italia, Brasil y Estados Unidos, entre otros, llega por primera vez en un tomo \u00fanico y con material in\u00e9dito, como reconocimiento al genio de F\u00e9lix Vega y el alucinante universo que ha creado en estas p\u00e1ginas.<\/p>\n<\/div>\n<div class=\"MvVd8d\">Fuente:\u00a0Editor<\/div>\n","protected":false},"excerpt":{"rendered":"<p>Los oc\u00e9anos est\u00e1n secos. En un mundo asolado por tempestades, soldados, bandidos y fan\u00e1ticos religiosos, Juan recorre el antiguo fondo<\/p>\n","protected":false},"featured_media":15841,"comment_status":"open","ping_status":"closed","template":"","meta":{"_acf_changed":false},"product_brand":[],"product_cat":[28,20],"product_tag":[],"class_list":{"0":"post-411","1":"product","2":"type-product","3":"status-publish","4":"has-post-thumbnail","6":"product_cat-fantasia","7":"product_cat-novela-grafica","9":"first","10":"instock","11":"shipping-taxable","12":"product-type-external"},"acf":[],"_links":{"self":[{"href":"https:\/\/huvuz.com\/cngc\/wp-json\/wp\/v2\/product\/411","targetHints":{"allow":["GET"]}}],"collection":[{"href":"https:\/\/huvuz.com\/cngc\/wp-json\/wp\/v2\/product"}],"about":[{"href":"https:\/\/huvuz.com\/cngc\/wp-json\/wp\/v2\/types\/product"}],"replies":[{"embeddable":true,"href":"https:\/\/huvuz.com\/cngc\/wp-json\/wp\/v2\/comments?post=411"}],"version-history":[{"count":12,"href":"https:\/\/huvuz.com\/cngc\/wp-json\/wp\/v2\/product\/411\/revisions"}],"predecessor-version":[{"id":16075,"href":"https:\/\/huvuz.com\/cngc\/wp-json\/wp\/v2\/product\/411\/revisions\/16075"}],"wp:featuredmedia":[{"embeddable":true,"href":"https:\/\/huvuz.com\/cngc\/wp-json\/wp\/v2\/media\/15841"}],"wp:attachment":[{"href":"https:\/\/huvuz.com\/cngc\/wp-json\/wp\/v2\/media?parent=411"}],"wp:term":[{"taxonomy":"product_brand","embeddable":true,"href":"https:\/\/huvuz.com\/cngc\/wp-json\/wp\/v2\/product_brand?post=411"},{"taxonomy":"product_cat","embeddable":true,"href":"https:\/\/huvuz.com\/cngc\/wp-json\/wp\/v2\/product_cat?post=411"},{"taxonomy":"product_tag","embeddable":true,"href":"https:\/\/huvuz.com\/cngc\/wp-json\/wp\/v2\/product_tag?post=411"}],"curies":[{"name":"wp","href":"https:\/\/api.w.org\/{rel}","templated":true}]}}