{"id":395,"date":"2021-06-01T12:11:46","date_gmt":"2021-06-01T12:11:46","guid":{"rendered":"http:\/\/dummy.xtemos.com\/woodmart2\/elementor\/?post_type=product&#038;p=395"},"modified":"2024-12-12T12:58:57","modified_gmt":"2024-12-12T12:58:57","slug":"los-fantasmas-de-pinochet","status":"publish","type":"product","link":"https:\/\/huvuz.com\/cngc\/obra\/los-fantasmas-de-pinochet\/","title":{"rendered":"Los fantasmas de Pinochet"},"content":{"rendered":"<div class=\"Y0Qrof\">\n<div class=\"Y0Qrof\">\n<p>En febrero del a\u00f1o 2000, Augusto Pinochet cumple 17 meses detenido en Londres. El juez espa\u00f1ol Baltasar Garz\u00f3n parece haber logrado lo imposible, llevar al exdictador a la justicia e iniciar un proceso en su contra por cr\u00edmenes de genocidio, terrorismo y violaciones reiteradas a los derechos humanos. Encerrado en la capital inglesa, los recuerdos y miedos de Pinochet se convierten en espectros que no tardar\u00e1n en llevarlo de regreso a Chile, a su muerte y m\u00e1s all\u00e1.<\/p>\n<p>Los fantasmas de Pinochet es una electrizante novela gr\u00e1fica que plasma los \u00faltimos d\u00edas del dictador y el enfrentamiento de esta figura con sus demonios personales y su propia historia, desde un accidente en 1919 que casi le cuesta la vida hasta su muerte. Una obra que da voz y escenario a los protagonistas y v\u00edctimas de uno de los periodos m\u00e1s oscuros en la historia de nuestro pa\u00eds.<\/p>\n<p>Francisco Ortega y F\u00e9lix Vega nos presentan un relato audaz, que toma la historia de Chile y explora el mundo interior de Pinochet, adentr\u00e1ndose en las deudas, pecados y temores que dieron vida a sus demonios m\u00e1s personales y pavimentaron su camino al infierno.<\/p>\n<\/div>\n<div class=\"MvVd8d\">Fuente:\u00a0Editor<\/div>\n<\/div>\n","protected":false},"excerpt":{"rendered":"<p>En febrero del a\u00f1o 2000, Augusto Pinochet cumple 17 meses detenido en Londres. El juez espa\u00f1ol Baltasar Garz\u00f3n parece haber<\/p>\n","protected":false},"featured_media":15858,"comment_status":"open","ping_status":"closed","template":"","meta":{"_acf_changed":false},"product_brand":[],"product_cat":[20],"product_tag":[],"class_list":{"0":"post-395","1":"product","2":"type-product","3":"status-publish","4":"has-post-thumbnail","6":"product_cat-novela-grafica","8":"first","9":"instock","10":"shipping-taxable","11":"product-type-external"},"acf":[],"_links":{"self":[{"href":"https:\/\/huvuz.com\/cngc\/wp-json\/wp\/v2\/product\/395","targetHints":{"allow":["GET"]}}],"collection":[{"href":"https:\/\/huvuz.com\/cngc\/wp-json\/wp\/v2\/product"}],"about":[{"href":"https:\/\/huvuz.com\/cngc\/wp-json\/wp\/v2\/types\/product"}],"replies":[{"embeddable":true,"href":"https:\/\/huvuz.com\/cngc\/wp-json\/wp\/v2\/comments?post=395"}],"version-history":[{"count":9,"href":"https:\/\/huvuz.com\/cngc\/wp-json\/wp\/v2\/product\/395\/revisions"}],"predecessor-version":[{"id":16021,"href":"https:\/\/huvuz.com\/cngc\/wp-json\/wp\/v2\/product\/395\/revisions\/16021"}],"wp:featuredmedia":[{"embeddable":true,"href":"https:\/\/huvuz.com\/cngc\/wp-json\/wp\/v2\/media\/15858"}],"wp:attachment":[{"href":"https:\/\/huvuz.com\/cngc\/wp-json\/wp\/v2\/media?parent=395"}],"wp:term":[{"taxonomy":"product_brand","embeddable":true,"href":"https:\/\/huvuz.com\/cngc\/wp-json\/wp\/v2\/product_brand?post=395"},{"taxonomy":"product_cat","embeddable":true,"href":"https:\/\/huvuz.com\/cngc\/wp-json\/wp\/v2\/product_cat?post=395"},{"taxonomy":"product_tag","embeddable":true,"href":"https:\/\/huvuz.com\/cngc\/wp-json\/wp\/v2\/product_tag?post=395"}],"curies":[{"name":"wp","href":"https:\/\/api.w.org\/{rel}","templated":true}]}}